{"id":16384,"date":"2025-09-11T21:26:20","date_gmt":"2025-09-11T21:26:20","guid":{"rendered":"https:\/\/perdysy.com\/?post_type=product&#038;p=16384"},"modified":"2026-02-16T17:42:44","modified_gmt":"2026-02-16T17:42:44","slug":"emporio-armani-ea1171-2","status":"publish","type":"product","link":"https:\/\/perdysy.com\/sq\/product\/emporio-armani-ea1171-2\/","title":{"rendered":"Emporio Armani &#8211; Carbon Silver"},"content":{"rendered":"<p>Model: Emporio Armani EA1171<br \/>\nFrame Color: Matte Black<br \/>\nColor Description: Black<br \/>\nLens Color: Demo Lens<br \/>\nColor Code: 3001<br \/>\nGender: Man<br \/>\nForm\u00eb: Drejtk\u00ebnd\u00ebsh<br \/>\nFrame Material: Metal<br \/>\nPolarized: No<br \/>\nRim Type: Semi Rim<br \/>\nCondition: Brand new<br \/>\nUPC: 8056262470916<br \/>\nIncludes: Emporio Armani , Case and Cloth<\/p>","protected":false},"excerpt":{"rendered":"<table>\n<tbody>\n<tr>\n<td>Madh\u00ebsia e syve<\/td>\n<td>Nj\u00eb<\/td>\n<td>B<\/td>\n<td>DBL<\/td>\n<td>ED<\/td>\n<td>Tempull<\/td>\n<td>Ur\u00eb<\/td>\n<td>Rreth<\/td>\n<\/tr>\n<tr>\n<td>55<\/td>\n<td>55<\/td>\n<td>35.6<\/td>\n<td>18.00<\/td>\n<td>59.8<\/td>\n<td>145<\/td>\n<td>18<\/td>\n<td><\/td>\n<\/tr>\n<tr>\n<td>57<\/td>\n<td>57<\/td>\n<td>36.9<\/td>\n<td>18.00<\/td>\n<td>61.9<\/td>\n<td>145<\/td>\n<td>18<\/td>\n<\/tr>\n<\/tbody>\n<\/table>","protected":false},"featured_media":21003,"comment_status":"open","ping_status":"closed","template":"","meta":[],"product_brand":[131],"product_cat":[1920,1917],"product_tag":[567],"class_list":{"0":"post-16384","1":"product","2":"type-product","3":"status-publish","4":"has-post-thumbnail","6":"product_brand-emporio-armani-oph","7":"product_cat-male-eye-glasses","8":"product_cat-male","9":"product_tag-eyeglasses","11":"first","12":"instock","13":"shipping-taxable","14":"purchasable","15":"product-type-variable"},"aioseo_notices":[],"_links":{"self":[{"href":"https:\/\/perdysy.com\/sq\/wp-json\/wp\/v2\/product\/16384","targetHints":{"allow":["GET"]}}],"collection":[{"href":"https:\/\/perdysy.com\/sq\/wp-json\/wp\/v2\/product"}],"about":[{"href":"https:\/\/perdysy.com\/sq\/wp-json\/wp\/v2\/types\/product"}],"replies":[{"embeddable":true,"href":"https:\/\/perdysy.com\/sq\/wp-json\/wp\/v2\/comments?post=16384"}],"wp:featuredmedia":[{"embeddable":true,"href":"https:\/\/perdysy.com\/sq\/wp-json\/wp\/v2\/media\/21003"}],"wp:attachment":[{"href":"https:\/\/perdysy.com\/sq\/wp-json\/wp\/v2\/media?parent=16384"}],"wp:term":[{"taxonomy":"product_brand","embeddable":true,"href":"https:\/\/perdysy.com\/sq\/wp-json\/wp\/v2\/product_brand?post=16384"},{"taxonomy":"product_cat","embeddable":true,"href":"https:\/\/perdysy.com\/sq\/wp-json\/wp\/v2\/product_cat?post=16384"},{"taxonomy":"product_tag","embeddable":true,"href":"https:\/\/perdysy.com\/sq\/wp-json\/wp\/v2\/product_tag?post=16384"}],"curies":[{"name":"wp","href":"https:\/\/api.w.org\/{rel}","templated":true}]}}