{"id":2424,"date":"2025-03-31T18:13:35","date_gmt":"2025-03-31T18:13:35","guid":{"rendered":"https:\/\/perdysy.com\/?post_type=product&#038;p=2424"},"modified":"2026-02-19T00:06:27","modified_gmt":"2026-02-19T00:06:27","slug":"emporio-armani-oph-0ea3038","status":"publish","type":"product","link":"https:\/\/perdysy.com\/sq\/product\/emporio-armani-oph-0ea3038\/","title":{"rendered":"Emporio Armani &#8211; Milano"},"content":{"rendered":"<p>Gjinia: Mashkull<br \/>\nMosha: I rritur<\/p>\n<p>Grupi i Produkteve: Plastik\u00eb<br \/>\nMaterial: Nylon<br \/>\nUra: Universale<br \/>\nTempulli: Kafka<br \/>\nForm\u00eb: Drejtk\u00ebnd\u00ebsh<br \/>\nRrip: Rrip i plot\u00eb<\/p>\n<p>Vendi: Kin\u00eb<br \/>\nPrezantuar: Janar 2025<\/p>","protected":false},"excerpt":{"rendered":"<table>\n<tbody>\n<tr>\n<td>Madh\u00ebsia e syve<\/td>\n<td>Nj\u00eb<\/td>\n<td>B<\/td>\n<td>DBL<\/td>\n<td>ED<\/td>\n<td>Tempull<\/td>\n<td>Ur\u00eb<\/td>\n<td>Rreth<\/td>\n<\/tr>\n<tr style=\"font-weight: bold\">\n<td>54<\/td>\n<td>54.3<\/td>\n<td>37.3<\/td>\n<td>16.00<\/td>\n<td>58.6<\/td>\n<td>140<\/td>\n<td>16<\/td>\n<td>156.1<\/td>\n<\/tr>\n<tr style=\"font-weight: bold\">\n<td>56<\/td>\n<td>56.3<\/td>\n<td>38.6<\/td>\n<td>16.00<\/td>\n<td>60.8<\/td>\n<td>140<\/td>\n<td>16<\/td>\n<td>162.4<\/td>\n<\/tr>\n<\/tbody>\n<\/table>","protected":false},"featured_media":21023,"comment_status":"open","ping_status":"closed","template":"","meta":[],"product_brand":[131],"product_cat":[1920,1917],"product_tag":[567],"class_list":{"0":"post-2424","1":"product","2":"type-product","3":"status-publish","4":"has-post-thumbnail","6":"product_brand-emporio-armani-oph","7":"product_cat-male-eye-glasses","8":"product_cat-male","9":"product_tag-eyeglasses","11":"first","12":"instock","13":"shipping-taxable","14":"purchasable","15":"product-type-variable"},"aioseo_notices":[],"_links":{"self":[{"href":"https:\/\/perdysy.com\/sq\/wp-json\/wp\/v2\/product\/2424","targetHints":{"allow":["GET"]}}],"collection":[{"href":"https:\/\/perdysy.com\/sq\/wp-json\/wp\/v2\/product"}],"about":[{"href":"https:\/\/perdysy.com\/sq\/wp-json\/wp\/v2\/types\/product"}],"replies":[{"embeddable":true,"href":"https:\/\/perdysy.com\/sq\/wp-json\/wp\/v2\/comments?post=2424"}],"wp:featuredmedia":[{"embeddable":true,"href":"https:\/\/perdysy.com\/sq\/wp-json\/wp\/v2\/media\/21023"}],"wp:attachment":[{"href":"https:\/\/perdysy.com\/sq\/wp-json\/wp\/v2\/media?parent=2424"}],"wp:term":[{"taxonomy":"product_brand","embeddable":true,"href":"https:\/\/perdysy.com\/sq\/wp-json\/wp\/v2\/product_brand?post=2424"},{"taxonomy":"product_cat","embeddable":true,"href":"https:\/\/perdysy.com\/sq\/wp-json\/wp\/v2\/product_cat?post=2424"},{"taxonomy":"product_tag","embeddable":true,"href":"https:\/\/perdysy.com\/sq\/wp-json\/wp\/v2\/product_tag?post=2424"}],"curies":[{"name":"wp","href":"https:\/\/api.w.org\/{rel}","templated":true}]}}