{"id":2431,"date":"2025-04-01T14:42:08","date_gmt":"2025-04-01T14:42:08","guid":{"rendered":"https:\/\/perdysy.com\/?post_type=product&#038;p=2431"},"modified":"2026-02-13T18:21:56","modified_gmt":"2026-02-13T18:21:56","slug":"emporio-armani-oph-0ea1041","status":"publish","type":"product","link":"https:\/\/perdysy.com\/sq\/product\/emporio-armani-oph-0ea1041\/","title":{"rendered":"Emporio Armani &#8211; Noir Black Rubber"},"content":{"rendered":"<p>Gjinia: Mashkull<br \/>\nMosha: I rritur<\/p>\n<p>Grupi i Produkteve: Metal<br \/>\nMateriali: Metal<br \/>\nUra: Mbush\u00ebse hunde t\u00eb rregullueshme<br \/>\nTempulli: Kafka<br \/>\nForm\u00eb: Drejtk\u00ebnd\u00ebsh<\/p>\n<p>Vendi: Kin\u00eb<br \/>\nIntroduced: July 2024<\/p>","protected":false},"excerpt":{"rendered":"<table>\n<tbody>\n<tr>\n<td>Madh\u00ebsia e syve<\/td>\n<td>Nj\u00eb<\/td>\n<td>B<\/td>\n<td>DBL<\/td>\n<td>ED<\/td>\n<td>Tempull<\/td>\n<td>Ur\u00eb<\/td>\n<td>Rreth<\/td>\n<\/tr>\n<tr style=\"font-weight: bold;\">\n<td>53<\/td>\n<td>53<\/td>\n<td>31.4<\/td>\n<td>17.00<\/td>\n<td>56.9<\/td>\n<td>140<\/td>\n<td>17<\/td>\n<td>148.2<\/td>\n<\/tr>\n<tr style=\"font-weight: bold;\">\n<td>55<\/td>\n<td>55<\/td>\n<td>32.6<\/td>\n<td>17.00<\/td>\n<td>59.1<\/td>\n<td>140<\/td>\n<td>17<\/td>\n<td>154.4<\/td>\n<\/tr>\n<tr style=\"font-weight: bold;\">\n<td>57<\/td>\n<td>57<\/td>\n<td>33.8<\/td>\n<td>17.00<\/td>\n<td>61.2<\/td>\n<td>140<\/td>\n<td>17<\/td>\n<td>160.7<\/td>\n<\/tr>\n<\/tbody>\n<\/table>","protected":false},"featured_media":21134,"comment_status":"open","ping_status":"closed","template":"","meta":[],"product_brand":[131],"product_cat":[1920,1917],"product_tag":[567],"class_list":{"0":"post-2431","1":"product","2":"type-product","3":"status-publish","4":"has-post-thumbnail","6":"product_brand-emporio-armani-oph","7":"product_cat-male-eye-glasses","8":"product_cat-male","9":"product_tag-eyeglasses","11":"first","12":"instock","13":"shipping-taxable","14":"purchasable","15":"product-type-variable"},"aioseo_notices":[],"_links":{"self":[{"href":"https:\/\/perdysy.com\/sq\/wp-json\/wp\/v2\/product\/2431","targetHints":{"allow":["GET"]}}],"collection":[{"href":"https:\/\/perdysy.com\/sq\/wp-json\/wp\/v2\/product"}],"about":[{"href":"https:\/\/perdysy.com\/sq\/wp-json\/wp\/v2\/types\/product"}],"replies":[{"embeddable":true,"href":"https:\/\/perdysy.com\/sq\/wp-json\/wp\/v2\/comments?post=2431"}],"wp:featuredmedia":[{"embeddable":true,"href":"https:\/\/perdysy.com\/sq\/wp-json\/wp\/v2\/media\/21134"}],"wp:attachment":[{"href":"https:\/\/perdysy.com\/sq\/wp-json\/wp\/v2\/media?parent=2431"}],"wp:term":[{"taxonomy":"product_brand","embeddable":true,"href":"https:\/\/perdysy.com\/sq\/wp-json\/wp\/v2\/product_brand?post=2431"},{"taxonomy":"product_cat","embeddable":true,"href":"https:\/\/perdysy.com\/sq\/wp-json\/wp\/v2\/product_cat?post=2431"},{"taxonomy":"product_tag","embeddable":true,"href":"https:\/\/perdysy.com\/sq\/wp-json\/wp\/v2\/product_tag?post=2431"}],"curies":[{"name":"wp","href":"https:\/\/api.w.org\/{rel}","templated":true}]}}