{"id":2478,"date":"2025-04-01T17:31:14","date_gmt":"2025-04-01T17:31:14","guid":{"rendered":"https:\/\/perdysy.com\/?post_type=product&#038;p=2478"},"modified":"2026-02-13T14:36:25","modified_gmt":"2026-02-13T14:36:25","slug":"emporio-armani-oph-0ea3069","status":"publish","type":"product","link":"https:\/\/perdysy.com\/sq\/product\/emporio-armani-oph-0ea3069\/","title":{"rendered":"Armani \u2013 Urban Edge"},"content":{"rendered":"<p>Gjinia: Mashkull<br \/>\nMosha: I rritur<\/p>\n<p>Grupi i Produkteve: Plastik\u00eb<br \/>\nMaterial: Nylon<br \/>\nUra: Universale<br \/>\nTempulli: Kafka<br \/>\nForm\u00eb: Drejtk\u00ebnd\u00ebsh<br \/>\nRrip: Rrip i plot\u00eb<\/p>\n<p>Vendi: Itali<br \/>\nIntroduced: May 2015<\/p>","protected":false},"excerpt":{"rendered":"<table>\n<tbody>\n<tr>\n<td>Madh\u00ebsia e syve<\/td>\n<td>Nj\u00eb<\/td>\n<td>B<\/td>\n<td>DBL<\/td>\n<td>ED<\/td>\n<td>Tempull<\/td>\n<td>Ur\u00eb<\/td>\n<td>Rreth<\/td>\n<\/tr>\n<tr style=\"font-weight: bold;\">\n<td>53<\/td>\n<td>53<\/td>\n<td>35.8<\/td>\n<td>17.00<\/td>\n<td>56.7<\/td>\n<td>140<\/td>\n<td>17<\/td>\n<td>147.0<\/td>\n<\/tr>\n<tr style=\"font-weight: bold;\">\n<td>55<\/td>\n<td>55<\/td>\n<td>37.2<\/td>\n<td>17.00<\/td>\n<td>58.5<\/td>\n<td>140<\/td>\n<td>17<\/td>\n<td>153.3<\/td>\n<\/tr>\n<\/tbody>\n<\/table>","protected":false},"featured_media":21027,"comment_status":"open","ping_status":"closed","template":"","meta":[],"product_brand":[131],"product_cat":[1920,1917],"product_tag":[567],"class_list":{"0":"post-2478","1":"product","2":"type-product","3":"status-publish","4":"has-post-thumbnail","6":"product_brand-emporio-armani-oph","7":"product_cat-male-eye-glasses","8":"product_cat-male","9":"product_tag-eyeglasses","11":"first","12":"instock","13":"shipping-taxable","14":"purchasable","15":"product-type-variable"},"aioseo_notices":[],"_links":{"self":[{"href":"https:\/\/perdysy.com\/sq\/wp-json\/wp\/v2\/product\/2478","targetHints":{"allow":["GET"]}}],"collection":[{"href":"https:\/\/perdysy.com\/sq\/wp-json\/wp\/v2\/product"}],"about":[{"href":"https:\/\/perdysy.com\/sq\/wp-json\/wp\/v2\/types\/product"}],"replies":[{"embeddable":true,"href":"https:\/\/perdysy.com\/sq\/wp-json\/wp\/v2\/comments?post=2478"}],"wp:featuredmedia":[{"embeddable":true,"href":"https:\/\/perdysy.com\/sq\/wp-json\/wp\/v2\/media\/21027"}],"wp:attachment":[{"href":"https:\/\/perdysy.com\/sq\/wp-json\/wp\/v2\/media?parent=2478"}],"wp:term":[{"taxonomy":"product_brand","embeddable":true,"href":"https:\/\/perdysy.com\/sq\/wp-json\/wp\/v2\/product_brand?post=2478"},{"taxonomy":"product_cat","embeddable":true,"href":"https:\/\/perdysy.com\/sq\/wp-json\/wp\/v2\/product_cat?post=2478"},{"taxonomy":"product_tag","embeddable":true,"href":"https:\/\/perdysy.com\/sq\/wp-json\/wp\/v2\/product_tag?post=2478"}],"curies":[{"name":"wp","href":"https:\/\/api.w.org\/{rel}","templated":true}]}}