{"id":4007,"date":"2025-06-17T14:32:15","date_gmt":"2025-06-17T14:32:15","guid":{"rendered":"https:\/\/perdysy.com\/?post_type=product&#038;p=4007"},"modified":"2026-02-13T20:11:52","modified_gmt":"2026-02-13T20:11:52","slug":"ted-baker-youth-oph-b984","status":"publish","type":"product","link":"https:\/\/perdysy.com\/sq\/product\/ted-baker-youth-oph-b984\/","title":{"rendered":"Ted Baker &#8211; Youth Dark Gunmetal"},"content":{"rendered":"<p>Gjinia: Mashkull<br \/>\nMosha: F\u00ebmij\u00eb<\/p>\n<p>Grupi i Produkteve: P\u00ebr F\u00ebmij\u00eb<br \/>\nMateriali: Metal<br \/>\nUra: Mbush\u00ebse hunde t\u00eb rregullueshme<br \/>\nTempulli: Kafka<br \/>\nHinge: Spring Hinge<br \/>\nForm\u00eb: Drejtk\u00ebnd\u00ebsh<br \/>\nRrip: Rrip i plot\u00eb<\/p>\n<p>Kutia: Kutia \u00ebsht\u00eb e p\u00ebrfshir\u00eb.  <a href=\"https:\/\/ps3-fan.net\/model\/star404angel\" target=\"_blank\">Star step daughter<\/a> Vendi: Kin\u00eb<br \/>\nIntroduced: March 2022<\/p>","protected":false},"excerpt":{"rendered":"<table>\n<tbody>\n<tr>\n<td>Madh\u00ebsia e syve<\/td>\n<td>Nj\u00eb<\/td>\n<td>B<\/td>\n<td>DBL<\/td>\n<td>ED<\/td>\n<td>Tempull<\/td>\n<td>Ur\u00eb<\/td>\n<td>Rreth<\/td>\n<\/tr>\n<tr>\n<td>49<\/td>\n<td>49<\/td>\n<td>31<\/td>\n<td>15.00<\/td>\n<td>51.1<\/td>\n<td>135<\/td>\n<td>15<\/td>\n<td>136.8<\/td>\n<\/tr>\n<\/tbody>\n<\/table>","protected":false},"featured_media":21682,"comment_status":"open","ping_status":"closed","template":"","meta":[],"product_brand":[138],"product_cat":[1924,1926],"product_tag":[1946,567],"class_list":{"0":"post-4007","1":"product","2":"type-product","3":"status-publish","4":"has-post-thumbnail","6":"product_brand-ted-baker-youth-oph","7":"product_cat-boys","8":"product_cat-boys-eye-glasses","9":"product_tag-175-below","10":"product_tag-eyeglasses","12":"first","13":"instock","14":"shipping-taxable","15":"purchasable","16":"product-type-variable","17":"has-default-attributes"},"aioseo_notices":[],"_links":{"self":[{"href":"https:\/\/perdysy.com\/sq\/wp-json\/wp\/v2\/product\/4007","targetHints":{"allow":["GET"]}}],"collection":[{"href":"https:\/\/perdysy.com\/sq\/wp-json\/wp\/v2\/product"}],"about":[{"href":"https:\/\/perdysy.com\/sq\/wp-json\/wp\/v2\/types\/product"}],"replies":[{"embeddable":true,"href":"https:\/\/perdysy.com\/sq\/wp-json\/wp\/v2\/comments?post=4007"}],"wp:featuredmedia":[{"embeddable":true,"href":"https:\/\/perdysy.com\/sq\/wp-json\/wp\/v2\/media\/21682"}],"wp:attachment":[{"href":"https:\/\/perdysy.com\/sq\/wp-json\/wp\/v2\/media?parent=4007"}],"wp:term":[{"taxonomy":"product_brand","embeddable":true,"href":"https:\/\/perdysy.com\/sq\/wp-json\/wp\/v2\/product_brand?post=4007"},{"taxonomy":"product_cat","embeddable":true,"href":"https:\/\/perdysy.com\/sq\/wp-json\/wp\/v2\/product_cat?post=4007"},{"taxonomy":"product_tag","embeddable":true,"href":"https:\/\/perdysy.com\/sq\/wp-json\/wp\/v2\/product_tag?post=4007"}],"curies":[{"name":"wp","href":"https:\/\/api.w.org\/{rel}","templated":true}]}}