{"id":4017,"date":"2025-06-17T15:16:06","date_gmt":"2025-06-17T15:16:06","guid":{"rendered":"https:\/\/perdysy.com\/?post_type=product&#038;p=4017"},"modified":"2026-02-13T20:17:30","modified_gmt":"2026-02-13T20:17:30","slug":"ted-baker-youth-oph-b993","status":"publish","type":"product","link":"https:\/\/perdysy.com\/sq\/product\/ted-baker-youth-oph-b993\/","title":{"rendered":"Ted Baker &#8211; Youth Slate"},"content":{"rendered":"<p>Gjinia: Mashkull<br \/>\nMosha: F\u00ebmij\u00eb<\/p>\n<p>Grupi i Produkteve: Plastik\u00eb<br \/>\nMateriali: Plastik\u00eb<br \/>\nUra: Universale<br \/>\nTempulli: Kafka<br \/>\nHinge: Spring Hinge<br \/>\nForm\u00eb: Drejtk\u00ebnd\u00ebsh<br \/>\nRrip: Rrip i plot\u00eb<\/p>\n<p>Kutia: Kutia \u00ebsht\u00eb e p\u00ebrfshir\u00eb.<br \/>\nVendi: Kin\u00eb<br \/>\nIntroduced: March 2023<\/p>","protected":false},"excerpt":{"rendered":"<table>\n<tbody>\n<tr>\n<td>Madh\u00ebsia e syve<\/td>\n<td>Nj\u00eb<\/td>\n<td>B<\/td>\n<td>DBL<\/td>\n<td>ED<\/td>\n<td>Tempull<\/td>\n<td>Ur\u00eb<\/td>\n<td>Rreth<\/td>\n<\/tr>\n<tr>\n<td>51<\/td>\n<td>51<\/td>\n<td>32.9<\/td>\n<td>16.00<\/td>\n<td>53.1<\/td>\n<td>135<\/td>\n<td>16<\/td>\n<td>141.0<\/td>\n<\/tr>\n<\/tbody>\n<\/table>","protected":false},"featured_media":21678,"comment_status":"open","ping_status":"closed","template":"","meta":[],"product_brand":[138],"product_cat":[1924,1926],"product_tag":[567],"class_list":{"0":"post-4017","1":"product","2":"type-product","3":"status-publish","4":"has-post-thumbnail","6":"product_brand-ted-baker-youth-oph","7":"product_cat-boys","8":"product_cat-boys-eye-glasses","9":"product_tag-eyeglasses","11":"first","12":"instock","13":"shipping-taxable","14":"purchasable","15":"product-type-variable","16":"has-default-attributes"},"aioseo_notices":[],"_links":{"self":[{"href":"https:\/\/perdysy.com\/sq\/wp-json\/wp\/v2\/product\/4017","targetHints":{"allow":["GET"]}}],"collection":[{"href":"https:\/\/perdysy.com\/sq\/wp-json\/wp\/v2\/product"}],"about":[{"href":"https:\/\/perdysy.com\/sq\/wp-json\/wp\/v2\/types\/product"}],"replies":[{"embeddable":true,"href":"https:\/\/perdysy.com\/sq\/wp-json\/wp\/v2\/comments?post=4017"}],"wp:featuredmedia":[{"embeddable":true,"href":"https:\/\/perdysy.com\/sq\/wp-json\/wp\/v2\/media\/21678"}],"wp:attachment":[{"href":"https:\/\/perdysy.com\/sq\/wp-json\/wp\/v2\/media?parent=4017"}],"wp:term":[{"taxonomy":"product_brand","embeddable":true,"href":"https:\/\/perdysy.com\/sq\/wp-json\/wp\/v2\/product_brand?post=4017"},{"taxonomy":"product_cat","embeddable":true,"href":"https:\/\/perdysy.com\/sq\/wp-json\/wp\/v2\/product_cat?post=4017"},{"taxonomy":"product_tag","embeddable":true,"href":"https:\/\/perdysy.com\/sq\/wp-json\/wp\/v2\/product_tag?post=4017"}],"curies":[{"name":"wp","href":"https:\/\/api.w.org\/{rel}","templated":true}]}}