{"id":4023,"date":"2025-06-17T15:53:07","date_gmt":"2025-06-17T15:53:07","guid":{"rendered":"https:\/\/www.perdysy.com\/?post_type=product&#038;p=4023"},"modified":"2026-02-16T17:36:01","modified_gmt":"2026-02-16T17:36:01","slug":"titanflex-oph-m999","status":"publish","type":"product","link":"https:\/\/www.perdysy.com\/sq\/product\/titanflex-oph-m999\/","title":{"rendered":"Titanflex &#8211; Monarch Black Gunmetal"},"content":{"rendered":"<p>Gjinia: Mashkull<br \/>\nMosha: I rritur<\/p>\n<p>Grupi i Produkteve: Metal<br \/>\nMateriali: Metal<br \/>\nUra: Mbush\u00ebse hunde t\u00eb rregullueshme<br \/>\nTempulli: Kafka<br \/>\nMentesha: Mentesha e rregullt<br \/>\nForm\u00eb: Drejtk\u00ebnd\u00ebsh<br \/>\nRrip: Rrip i plot\u00eb<\/p>\n<p>Kutia: Kutia \u00ebsht\u00eb e p\u00ebrfshir\u00eb.<br \/>\nVendi: Kin\u00eb<br \/>\nPrezantuar: Maj 2021<\/p>","protected":false},"excerpt":{"rendered":"<table>\n<tbody>\n<tr>\n<td>Madh\u00ebsia e syve<\/td>\n<td>Nj\u00eb<\/td>\n<td>B<\/td>\n<td>DBL<\/td>\n<td>ED<\/td>\n<td>Tempull<\/td>\n<td>Ur\u00eb<\/td>\n<td>Rreth<\/td>\n<\/tr>\n<tr>\n<td>52<\/td>\n<td>52<\/td>\n<td>33.5<\/td>\n<td>18.00<\/td>\n<td>54.8<\/td>\n<td>140<\/td>\n<td>18<\/td>\n<td>145.7<\/td>\n<\/tr>\n<tr>\n<td>54<\/td>\n<td>54<\/td>\n<td>34.8<\/td>\n<td>18.00<\/td>\n<td>57.1<\/td>\n<td>145<\/td>\n<td>18<\/td>\n<td>152.0<\/td>\n<\/tr>\n<\/tbody>\n<\/table>","protected":false},"featured_media":21616,"comment_status":"open","ping_status":"closed","template":"","meta":[],"product_brand":[139],"product_cat":[1920,1917],"product_tag":[567],"class_list":{"0":"post-4023","1":"product","2":"type-product","3":"status-publish","4":"has-post-thumbnail","6":"product_brand-titanflex-oph","7":"product_cat-male-eye-glasses","8":"product_cat-male","9":"product_tag-eyeglasses","11":"first","12":"instock","13":"shipping-taxable","14":"purchasable","15":"product-type-variable"},"aioseo_notices":[],"_links":{"self":[{"href":"https:\/\/www.perdysy.com\/sq\/wp-json\/wp\/v2\/product\/4023","targetHints":{"allow":["GET"]}}],"collection":[{"href":"https:\/\/www.perdysy.com\/sq\/wp-json\/wp\/v2\/product"}],"about":[{"href":"https:\/\/www.perdysy.com\/sq\/wp-json\/wp\/v2\/types\/product"}],"replies":[{"embeddable":true,"href":"https:\/\/www.perdysy.com\/sq\/wp-json\/wp\/v2\/comments?post=4023"}],"wp:featuredmedia":[{"embeddable":true,"href":"https:\/\/www.perdysy.com\/sq\/wp-json\/wp\/v2\/media\/21616"}],"wp:attachment":[{"href":"https:\/\/www.perdysy.com\/sq\/wp-json\/wp\/v2\/media?parent=4023"}],"wp:term":[{"taxonomy":"product_brand","embeddable":true,"href":"https:\/\/www.perdysy.com\/sq\/wp-json\/wp\/v2\/product_brand?post=4023"},{"taxonomy":"product_cat","embeddable":true,"href":"https:\/\/www.perdysy.com\/sq\/wp-json\/wp\/v2\/product_cat?post=4023"},{"taxonomy":"product_tag","embeddable":true,"href":"https:\/\/www.perdysy.com\/sq\/wp-json\/wp\/v2\/product_tag?post=4023"}],"curies":[{"name":"wp","href":"https:\/\/api.w.org\/{rel}","templated":true}]}}