{"id":4049,"date":"2025-06-17T18:04:39","date_gmt":"2025-06-17T18:04:39","guid":{"rendered":"https:\/\/perdysy.com\/?post_type=product&#038;p=4049"},"modified":"2026-02-13T20:21:10","modified_gmt":"2026-02-13T20:21:10","slug":"titanflex-oph-827065","status":"publish","type":"product","link":"https:\/\/perdysy.com\/sq\/product\/titanflex-oph-827065\/","title":{"rendered":"Titanflex &#8211; Slate Grey"},"content":{"rendered":"<p>Gjinia: Mashkull<br \/>\nMosha: I rritur<\/p>\n<p>Grupi i Produkteve: Metal<br \/>\nMateriali: Metalet e Memories<br \/>\nUra: Mbush\u00ebse hunde t\u00eb rregullueshme<br \/>\nTempulli: Kafka<br \/>\nMentesha: Mentesha e rregullt<br \/>\nForm\u00eb: Drejtk\u00ebnd\u00ebsh<br \/>\nRim: Semi-Rimless<\/p>\n<p>Case: Case included.\u00a0Country: China<br \/>\nIntroduced: January 2022<\/p>","protected":false},"excerpt":{"rendered":"<table>\n<tbody>\n<tr>\n<td>Madh\u00ebsia e syve<\/td>\n<td>Nj\u00eb<\/td>\n<td>B<\/td>\n<td>DBL<\/td>\n<td>ED<\/td>\n<td>Tempull<\/td>\n<td>Ur\u00eb<\/td>\n<td>Rreth<\/td>\n<\/tr>\n<tr>\n<td>54<\/td>\n<td>54<\/td>\n<td>35.6<\/td>\n<td>18.00<\/td>\n<td>58.7<\/td>\n<td>145<\/td>\n<td>18<\/td>\n<td>154.4<\/td>\n<\/tr>\n<\/tbody>\n<\/table>","protected":false},"featured_media":21647,"comment_status":"open","ping_status":"closed","template":"","meta":[],"product_brand":[139],"product_cat":[1920,1917],"product_tag":[567],"class_list":{"0":"post-4049","1":"product","2":"type-product","3":"status-publish","4":"has-post-thumbnail","6":"product_brand-titanflex-oph","7":"product_cat-male-eye-glasses","8":"product_cat-male","9":"product_tag-eyeglasses","11":"first","12":"instock","13":"shipping-taxable","14":"purchasable","15":"product-type-variable","16":"has-default-attributes"},"aioseo_notices":[],"_links":{"self":[{"href":"https:\/\/perdysy.com\/sq\/wp-json\/wp\/v2\/product\/4049","targetHints":{"allow":["GET"]}}],"collection":[{"href":"https:\/\/perdysy.com\/sq\/wp-json\/wp\/v2\/product"}],"about":[{"href":"https:\/\/perdysy.com\/sq\/wp-json\/wp\/v2\/types\/product"}],"replies":[{"embeddable":true,"href":"https:\/\/perdysy.com\/sq\/wp-json\/wp\/v2\/comments?post=4049"}],"wp:featuredmedia":[{"embeddable":true,"href":"https:\/\/perdysy.com\/sq\/wp-json\/wp\/v2\/media\/21647"}],"wp:attachment":[{"href":"https:\/\/perdysy.com\/sq\/wp-json\/wp\/v2\/media?parent=4049"}],"wp:term":[{"taxonomy":"product_brand","embeddable":true,"href":"https:\/\/perdysy.com\/sq\/wp-json\/wp\/v2\/product_brand?post=4049"},{"taxonomy":"product_cat","embeddable":true,"href":"https:\/\/perdysy.com\/sq\/wp-json\/wp\/v2\/product_cat?post=4049"},{"taxonomy":"product_tag","embeddable":true,"href":"https:\/\/perdysy.com\/sq\/wp-json\/wp\/v2\/product_tag?post=4049"}],"curies":[{"name":"wp","href":"https:\/\/api.w.org\/{rel}","templated":true}]}}