{"id":4094,"date":"2025-06-18T15:48:42","date_gmt":"2025-06-18T15:48:42","guid":{"rendered":"https:\/\/perdysy.com\/?post_type=product&#038;p=4094"},"modified":"2026-02-25T00:04:53","modified_gmt":"2026-02-25T00:04:53","slug":"longchamp-lo2718","status":"publish","type":"product","link":"https:\/\/perdysy.com\/sq\/product\/longchamp-lo2718\/","title":{"rendered":"Longchamp &#8211; Azure Elite"},"content":{"rendered":"<p>Gjinia: Fem\u00ebr<br \/>\nMosha: I rritur<\/p>\n<p>Grupi i Produkteve: Plastik\u00eb<br \/>\nMateriali: Plastik\u00eb<br \/>\nUra: Universale<br \/>\nTempulli: Drejt<br \/>\nHinge: Spring Hinge<br \/>\nForm\u00eb: Drejtk\u00ebnd\u00ebsh<br \/>\nRrip: Rrip i plot\u00eb<\/p>\n<p>Vendi: Kin\u00eb<br \/>\nPrezantuar: Dhjetor 2022<br \/>\nGarancia: Garanci 2-vje\u00e7are.  <\/p>","protected":false},"excerpt":{"rendered":"<table>\n<tbody>\n<tr>\n<td>Madh\u00ebsia e syve<\/td>\n<td>Nj\u00eb<\/td>\n<td>B<\/td>\n<td>DBL<\/td>\n<td>ED<\/td>\n<td>Tempull<\/td>\n<td>Ur\u00eb<\/td>\n<td>Rreth<\/td>\n<\/tr>\n<tr>\n<td>54<\/td>\n<td>54<\/td>\n<td>36.8<\/td>\n<td>15.00<\/td>\n<td>57.20<\/td>\n<td>140<\/td>\n<td>15<\/td>\n<td><\/td>\n<\/tr>\n<\/tbody>\n<\/table>","protected":false},"featured_media":19712,"comment_status":"open","ping_status":"closed","template":"","meta":[],"product_brand":[185],"product_cat":[1922,1918],"product_tag":[567],"class_list":{"0":"post-4094","1":"product","2":"type-product","3":"status-publish","4":"has-post-thumbnail","6":"product_brand-long-champ","7":"product_cat-female-eye-glasses","8":"product_cat-female","9":"product_tag-eyeglasses","11":"first","12":"instock","13":"shipping-taxable","14":"purchasable","15":"product-type-variable"},"aioseo_notices":[],"_links":{"self":[{"href":"https:\/\/perdysy.com\/sq\/wp-json\/wp\/v2\/product\/4094","targetHints":{"allow":["GET"]}}],"collection":[{"href":"https:\/\/perdysy.com\/sq\/wp-json\/wp\/v2\/product"}],"about":[{"href":"https:\/\/perdysy.com\/sq\/wp-json\/wp\/v2\/types\/product"}],"replies":[{"embeddable":true,"href":"https:\/\/perdysy.com\/sq\/wp-json\/wp\/v2\/comments?post=4094"}],"wp:featuredmedia":[{"embeddable":true,"href":"https:\/\/perdysy.com\/sq\/wp-json\/wp\/v2\/media\/19712"}],"wp:attachment":[{"href":"https:\/\/perdysy.com\/sq\/wp-json\/wp\/v2\/media?parent=4094"}],"wp:term":[{"taxonomy":"product_brand","embeddable":true,"href":"https:\/\/perdysy.com\/sq\/wp-json\/wp\/v2\/product_brand?post=4094"},{"taxonomy":"product_cat","embeddable":true,"href":"https:\/\/perdysy.com\/sq\/wp-json\/wp\/v2\/product_cat?post=4094"},{"taxonomy":"product_tag","embeddable":true,"href":"https:\/\/perdysy.com\/sq\/wp-json\/wp\/v2\/product_tag?post=4094"}],"curies":[{"name":"wp","href":"https:\/\/api.w.org\/{rel}","templated":true}]}}