{"id":4104,"date":"2025-06-19T13:54:25","date_gmt":"2025-06-19T13:54:25","guid":{"rendered":"https:\/\/perdysy.com\/?post_type=product&#038;p=4104"},"modified":"2026-03-22T00:00:21","modified_gmt":"2026-03-22T00:00:21","slug":"calvin-klein-ck21524","status":"publish","type":"product","link":"https:\/\/perdysy.com\/sq\/product\/calvin-klein-ck21524\/","title":{"rendered":"Calvin Klein \u2013 Light Taupe"},"content":{"rendered":"<p>Gjinia: Fem\u00ebr<br \/>\nMosha: I rritur<\/p>\n<p>Grupi i Produkteve: Plastik\u00eb<br \/>\nMateriali: Plastik\u00eb<br \/>\nUra: Universale<br \/>\nTempulli: Drejt<br \/>\nForm\u00eb: Drejtk\u00ebnd\u00ebsh<br \/>\nRrip: Rrip i plot\u00eb<\/p>\n<p>Vendi: Kin\u00eb<br \/>\nIntroduced: August 2021<br \/>\nGarancia: Garanci 2-vje\u00e7are.  <a href=\"https:\/\/saverestaurants.co\/model\/ppkpp311x\" target=\"_blank\">fucking ppkpp311x<\/a><\/p>","protected":false},"excerpt":{"rendered":"<table>\n<tbody>\n<tr>\n<td>Madh\u00ebsia e syve<\/td>\n<td>Nj\u00eb<\/td>\n<td>B<\/td>\n<td>DBL<\/td>\n<td>ED<\/td>\n<td>Tempull<\/td>\n<td>Ur\u00eb<\/td>\n<td>Rreth<\/td>\n<\/tr>\n<tr>\n<td>55<\/td>\n<td>55<\/td>\n<td>40.1<\/td>\n<td>12.00<\/td>\n<td>70.6<\/td>\n<td>140<\/td>\n<td>12<\/td>\n<td>139.7<\/td>\n<\/tr>\n<\/tbody>\n<\/table>","protected":false},"featured_media":20153,"comment_status":"open","ping_status":"closed","template":"","meta":[],"product_brand":[303],"product_cat":[1922,1918],"product_tag":[567],"class_list":{"0":"post-4104","1":"product","2":"type-product","3":"status-publish","4":"has-post-thumbnail","6":"product_brand-calvin-klein","7":"product_cat-female-eye-glasses","8":"product_cat-female","9":"product_tag-eyeglasses","11":"first","12":"instock","13":"shipping-taxable","14":"purchasable","15":"product-type-variable"},"aioseo_notices":[],"_links":{"self":[{"href":"https:\/\/perdysy.com\/sq\/wp-json\/wp\/v2\/product\/4104","targetHints":{"allow":["GET"]}}],"collection":[{"href":"https:\/\/perdysy.com\/sq\/wp-json\/wp\/v2\/product"}],"about":[{"href":"https:\/\/perdysy.com\/sq\/wp-json\/wp\/v2\/types\/product"}],"replies":[{"embeddable":true,"href":"https:\/\/perdysy.com\/sq\/wp-json\/wp\/v2\/comments?post=4104"}],"wp:featuredmedia":[{"embeddable":true,"href":"https:\/\/perdysy.com\/sq\/wp-json\/wp\/v2\/media\/20153"}],"wp:attachment":[{"href":"https:\/\/perdysy.com\/sq\/wp-json\/wp\/v2\/media?parent=4104"}],"wp:term":[{"taxonomy":"product_brand","embeddable":true,"href":"https:\/\/perdysy.com\/sq\/wp-json\/wp\/v2\/product_brand?post=4104"},{"taxonomy":"product_cat","embeddable":true,"href":"https:\/\/perdysy.com\/sq\/wp-json\/wp\/v2\/product_cat?post=4104"},{"taxonomy":"product_tag","embeddable":true,"href":"https:\/\/perdysy.com\/sq\/wp-json\/wp\/v2\/product_tag?post=4104"}],"curies":[{"name":"wp","href":"https:\/\/api.w.org\/{rel}","templated":true}]}}