{"id":4991,"date":"2025-07-30T07:59:34","date_gmt":"2025-07-30T07:59:34","guid":{"rendered":"https:\/\/perdysy.com\/?post_type=product&#038;p=4991"},"modified":"2026-02-16T17:43:24","modified_gmt":"2026-02-16T17:43:24","slug":"ted-baker-twuf002","status":"publish","type":"product","link":"https:\/\/perdysy.com\/sq\/product\/ted-baker-twuf002\/","title":{"rendered":"Ted Baker &#8211; Blue Tortoise"},"content":{"rendered":"<p>Gjinia: Gra<br \/>\nMark\u00eb: Ted Baker<br \/>\nModeli: TWUF002<br \/>\nForma e korniz\u00ebs: Drejtk\u00ebnd\u00ebshe<br \/>\nMateriali i korniz\u00ebs: Acetat celuloze<br \/>\nLloji i Korniz\u00ebs: Rim i plot\u00eb, i p\u00ebrshtatsh\u00ebm p\u00ebr progresivitet<br \/>\nLloji i mentesh\u00ebs: Sust\u00eb\/Fleks<br \/>\nGarancia e Prodhuesit<br \/>\np\u00ebr Korniz\u00ebn: 1 vit<\/p>","protected":false},"excerpt":{"rendered":"<p>Madh\u00ebsia: 54-15-140-39.7<\/p>","protected":false},"featured_media":21689,"comment_status":"open","ping_status":"closed","template":"","meta":[],"product_brand":[556],"product_cat":[1922,1918],"product_tag":[567],"class_list":{"0":"post-4991","1":"product","2":"type-product","3":"status-publish","4":"has-post-thumbnail","6":"product_brand-ted-baker","7":"product_cat-female-eye-glasses","8":"product_cat-female","9":"product_tag-eyeglasses","11":"first","12":"instock","13":"shipping-taxable","14":"purchasable","15":"product-type-variable"},"aioseo_notices":[],"_links":{"self":[{"href":"https:\/\/perdysy.com\/sq\/wp-json\/wp\/v2\/product\/4991","targetHints":{"allow":["GET"]}}],"collection":[{"href":"https:\/\/perdysy.com\/sq\/wp-json\/wp\/v2\/product"}],"about":[{"href":"https:\/\/perdysy.com\/sq\/wp-json\/wp\/v2\/types\/product"}],"replies":[{"embeddable":true,"href":"https:\/\/perdysy.com\/sq\/wp-json\/wp\/v2\/comments?post=4991"}],"wp:featuredmedia":[{"embeddable":true,"href":"https:\/\/perdysy.com\/sq\/wp-json\/wp\/v2\/media\/21689"}],"wp:attachment":[{"href":"https:\/\/perdysy.com\/sq\/wp-json\/wp\/v2\/media?parent=4991"}],"wp:term":[{"taxonomy":"product_brand","embeddable":true,"href":"https:\/\/perdysy.com\/sq\/wp-json\/wp\/v2\/product_brand?post=4991"},{"taxonomy":"product_cat","embeddable":true,"href":"https:\/\/perdysy.com\/sq\/wp-json\/wp\/v2\/product_cat?post=4991"},{"taxonomy":"product_tag","embeddable":true,"href":"https:\/\/perdysy.com\/sq\/wp-json\/wp\/v2\/product_tag?post=4991"}],"curies":[{"name":"wp","href":"https:\/\/api.w.org\/{rel}","templated":true}]}}