{"id":7673,"date":"2025-09-05T02:45:48","date_gmt":"2025-09-05T02:45:48","guid":{"rendered":"https:\/\/perdysy.com\/?post_type=product&#038;p=7673"},"modified":"2026-03-29T00:01:00","modified_gmt":"2026-03-29T00:01:00","slug":"tura-b985","status":"publish","type":"product","link":"https:\/\/perdysy.com\/sq\/product\/tura-b985\/","title":{"rendered":"Tura &#8211; Ivory Select"},"content":{"rendered":"<p>Gjinia: Fem\u00ebr<br \/>\nMosha: F\u00ebmij\u00eb<\/p>\n<p>Grupi i Produkteve: P\u00ebr F\u00ebmij\u00eb<br \/>\nMateriali: Plastik\u00eb<br \/>\nUra: Universale<br \/>\nTempulli: Kafka<br \/>\nHinge: Spring Hinge<br \/>\nForma: Sy maceje<br \/>\nRrip: Rrip i plot\u00eb<\/p>\n<p>Case: Case included.   Country: China<br \/>\nIntroduced: June 2022<\/p>","protected":false},"excerpt":{"rendered":"<table>\n<tbody>\n<tr>\n<td>Madh\u00ebsia e syve<\/td>\n<td>Nj\u00eb<\/td>\n<td>B<\/td>\n<td>DBL<\/td>\n<td>ED<\/td>\n<td>Tempull<\/td>\n<td>Ur\u00eb<\/td>\n<td>Rreth<\/td>\n<\/tr>\n<tr>\n<td>52<\/td>\n<td>52<\/td>\n<td>36.3<\/td>\n<td>15.00<\/td>\n<td>56.2<\/td>\n<td>135<\/td>\n<td>15<\/td>\n<td>142.0<\/td>\n<\/tr>\n<\/tbody>\n<\/table>","protected":false},"featured_media":21615,"comment_status":"open","ping_status":"closed","template":"","meta":[],"product_brand":[182],"product_cat":[1927,1923],"product_tag":[567],"class_list":{"0":"post-7673","1":"product","2":"type-product","3":"status-publish","4":"has-post-thumbnail","6":"product_brand-tura","7":"product_cat-girls-eye-glasses","8":"product_cat-girls","9":"product_tag-eyeglasses","11":"first","12":"instock","13":"shipping-taxable","14":"purchasable","15":"product-type-variable"},"aioseo_notices":[],"_links":{"self":[{"href":"https:\/\/perdysy.com\/sq\/wp-json\/wp\/v2\/product\/7673","targetHints":{"allow":["GET"]}}],"collection":[{"href":"https:\/\/perdysy.com\/sq\/wp-json\/wp\/v2\/product"}],"about":[{"href":"https:\/\/perdysy.com\/sq\/wp-json\/wp\/v2\/types\/product"}],"replies":[{"embeddable":true,"href":"https:\/\/perdysy.com\/sq\/wp-json\/wp\/v2\/comments?post=7673"}],"wp:featuredmedia":[{"embeddable":true,"href":"https:\/\/perdysy.com\/sq\/wp-json\/wp\/v2\/media\/21615"}],"wp:attachment":[{"href":"https:\/\/perdysy.com\/sq\/wp-json\/wp\/v2\/media?parent=7673"}],"wp:term":[{"taxonomy":"product_brand","embeddable":true,"href":"https:\/\/perdysy.com\/sq\/wp-json\/wp\/v2\/product_brand?post=7673"},{"taxonomy":"product_cat","embeddable":true,"href":"https:\/\/perdysy.com\/sq\/wp-json\/wp\/v2\/product_cat?post=7673"},{"taxonomy":"product_tag","embeddable":true,"href":"https:\/\/perdysy.com\/sq\/wp-json\/wp\/v2\/product_tag?post=7673"}],"curies":[{"name":"wp","href":"https:\/\/api.w.org\/{rel}","templated":true}]}}