{"id":8686,"date":"2025-09-07T13:53:03","date_gmt":"2025-09-07T13:53:03","guid":{"rendered":"https:\/\/perdysy.com\/?post_type=product&#038;p=8686"},"modified":"2026-02-16T15:54:36","modified_gmt":"2026-02-16T15:54:36","slug":"kate-spade-dove-g","status":"publish","type":"product","link":"https:\/\/perdysy.com\/sq\/product\/kate-spade-dove-g\/","title":{"rendered":"Kate Spade &#8211; Dove"},"content":{"rendered":"<p>Type: Prescription<br \/>\nGjinia: Gra<br \/>\nBrand: Kate Spade<br \/>\nModel: DOVE\/G<br \/>\nFrame Shape: Rounded Edges<br \/>\nFrame Material: Metal<br \/>\nLloji i Korniz\u00ebs: Rim i plot\u00eb, i p\u00ebrshtatsh\u00ebm p\u00ebr progresivitet<br \/>\nLloji i mentesh\u00ebs: Sust\u00eb\/Fleks<br \/>\nGarancia e Prodhuesit<br \/>\np\u00ebr Korniz\u00ebn: 1 vit<\/p>","protected":false},"excerpt":{"rendered":"<table id=\"sizetable\" class=\"tablesorter tablesorter-default tablesortere01252db50bfa\" role=\"grid\" border=\"0\">\n<tbody aria-live=\"polite\" aria-relevant=\"all\">\n<tr class=\"box-select active-size\" role=\"row\">\n<td>52<\/td>\n<td class=\"dash\">16<\/td>\n<td class=\"dash\">140<\/td>\n<td class=\"b-measure\">B 42.8<\/td>\n<\/tr>\n<\/tbody>\n<\/table>","protected":false},"featured_media":21013,"comment_status":"open","ping_status":"closed","template":"","meta":[],"product_brand":[133],"product_cat":[1922,1918],"product_tag":[567],"class_list":{"0":"post-8686","1":"product","2":"type-product","3":"status-publish","4":"has-post-thumbnail","6":"product_brand-kate-spade-oph","7":"product_cat-female-eye-glasses","8":"product_cat-female","9":"product_tag-eyeglasses","11":"first","12":"instock","13":"shipping-taxable","14":"purchasable","15":"product-type-variable"},"aioseo_notices":[],"_links":{"self":[{"href":"https:\/\/perdysy.com\/sq\/wp-json\/wp\/v2\/product\/8686","targetHints":{"allow":["GET"]}}],"collection":[{"href":"https:\/\/perdysy.com\/sq\/wp-json\/wp\/v2\/product"}],"about":[{"href":"https:\/\/perdysy.com\/sq\/wp-json\/wp\/v2\/types\/product"}],"replies":[{"embeddable":true,"href":"https:\/\/perdysy.com\/sq\/wp-json\/wp\/v2\/comments?post=8686"}],"wp:featuredmedia":[{"embeddable":true,"href":"https:\/\/perdysy.com\/sq\/wp-json\/wp\/v2\/media\/21013"}],"wp:attachment":[{"href":"https:\/\/perdysy.com\/sq\/wp-json\/wp\/v2\/media?parent=8686"}],"wp:term":[{"taxonomy":"product_brand","embeddable":true,"href":"https:\/\/perdysy.com\/sq\/wp-json\/wp\/v2\/product_brand?post=8686"},{"taxonomy":"product_cat","embeddable":true,"href":"https:\/\/perdysy.com\/sq\/wp-json\/wp\/v2\/product_cat?post=8686"},{"taxonomy":"product_tag","embeddable":true,"href":"https:\/\/perdysy.com\/sq\/wp-json\/wp\/v2\/product_tag?post=8686"}],"curies":[{"name":"wp","href":"https:\/\/api.w.org\/{rel}","templated":true}]}}